{"id":322,"date":"2026-02-12T01:22:51","date_gmt":"2026-02-12T00:22:51","guid":{"rendered":"https:\/\/lab11.torniss-ci.com\/?page_id=322"},"modified":"2026-03-13T14:17:13","modified_gmt":"2026-03-13T13:17:13","slug":"vision","status":"publish","type":"page","link":"https:\/\/lab11.torniss-ci.com\/?page_id=322","title":{"rendered":"Vision"},"content":{"rendered":"\t\t<div data-elementor-type=\"wp-page\" data-elementor-id=\"322\" class=\"elementor elementor-322\">\n\t\t\t\t<div class=\"elementor-element elementor-element-436e5c3 e-con-full e-flex wpr-particle-no wpr-jarallax-no wpr-parallax-no wpr-sticky-section-no e-con e-parent\" data-id=\"436e5c3\" data-element_type=\"container\" data-settings=\"{&quot;background_background&quot;:&quot;gradient&quot;}\">\n\t\t\t\t<div class=\"elementor-element elementor-element-f61b518 elementor-widget elementor-widget-hfe-breadcrumbs-widget\" data-id=\"f61b518\" data-element_type=\"widget\" data-widget_type=\"hfe-breadcrumbs-widget.default\">\n\t\t\t\t<div class=\"elementor-widget-container\">\n\t\t\t\t\t<nav aria-label=\"Breadcrumb\"><ul class=\"hfe-breadcrumbs hfe-breadcrumbs-show-home\"><li class=\"hfe-breadcrumbs-item hfe-breadcrumbs-first\"><span class=\"hfe-breadcrumbs-home-icon\"><svg aria-hidden=\"true\" class=\"e-font-icon-svg e-fas-home\" viewBox=\"0 0 576 512\" xmlns=\"http:\/\/www.w3.org\/2000\/svg\"><path d=\"M280.37 148.26L96 300.11V464a16 16 0 0 0 16 16l112.06-.29a16 16 0 0 0 15.92-16V368a16 16 0 0 1 16-16h64a16 16 0 0 1 16 16v95.64a16 16 0 0 0 16 16.05L464 480a16 16 0 0 0 16-16V300L295.67 148.26a12.19 12.19 0 0 0-15.3 0zM571.6 251.47L488 182.56V44.05a12 12 0 0 0-12-12h-56a12 12 0 0 0-12 12v72.61L318.47 43a48 48 0 0 0-61 0L4.34 251.47a12 12 0 0 0-1.6 16.9l25.5 31A12 12 0 0 0 45.15 301l235.22-193.74a12.19 12.19 0 0 1 15.3 0L530.9 301a12 12 0 0 0 16.9-1.6l25.5-31a12 12 0 0 0-1.7-16.93z\"><\/path><\/svg><\/span><a href=\"https:\/\/lab11.torniss-ci.com\"><span class=\"hfe-breadcrumbs-text\">Accueil<\/span><\/a><\/li><\/ul><\/nav>\t\t\t\t<\/div>\n\t\t\t\t<\/div>\n\t\t\t\t<\/div>\n\t\t<div class=\"elementor-element elementor-element-62fdc6f e-con-full e-flex wpr-particle-no wpr-jarallax-no wpr-parallax-no wpr-sticky-section-no e-con e-parent\" data-id=\"62fdc6f\" data-element_type=\"container\">\n\t\t<div class=\"elementor-element elementor-element-c912a8c e-con-full e-flex wpr-particle-no wpr-jarallax-no wpr-parallax-no wpr-sticky-section-no e-con e-child\" data-id=\"c912a8c\" data-element_type=\"container\" data-settings=\"{&quot;background_background&quot;:&quot;gradient&quot;}\">\n\t\t<div class=\"elementor-element elementor-element-9d958a6 e-con-full e-flex wpr-particle-no wpr-jarallax-no wpr-parallax-no wpr-sticky-section-no e-con e-child\" data-id=\"9d958a6\" data-element_type=\"container\">\n\t\t\t\t<div class=\"elementor-element elementor-element-fe5cd63 elementor-invisible elementor-widget elementor-widget-image\" data-id=\"fe5cd63\" data-element_type=\"widget\" data-settings=\"{&quot;_animation&quot;:&quot;fadeInUp&quot;}\" data-widget_type=\"image.default\">\n\t\t\t\t\t\t\t\t\t\t\t\t\t\t\t<img fetchpriority=\"high\" decoding=\"async\" width=\"1024\" height=\"683\" src=\"https:\/\/lab11.torniss-ci.com\/wp-content\/uploads\/2026\/02\/volunteers-teaming-up-organize-donations-charity-1024x683.jpg\" class=\"attachment-large size-large wp-image-403\" alt=\"\" srcset=\"https:\/\/lab11.torniss-ci.com\/wp-content\/uploads\/2026\/02\/volunteers-teaming-up-organize-donations-charity-1024x683.jpg 1024w, https:\/\/lab11.torniss-ci.com\/wp-content\/uploads\/2026\/02\/volunteers-teaming-up-organize-donations-charity-300x200.jpg 300w, https:\/\/lab11.torniss-ci.com\/wp-content\/uploads\/2026\/02\/volunteers-teaming-up-organize-donations-charity-768x512.jpg 768w, https:\/\/lab11.torniss-ci.com\/wp-content\/uploads\/2026\/02\/volunteers-teaming-up-organize-donations-charity-1536x1024.jpg 1536w, https:\/\/lab11.torniss-ci.com\/wp-content\/uploads\/2026\/02\/volunteers-teaming-up-organize-donations-charity-2048x1365.jpg 2048w, https:\/\/lab11.torniss-ci.com\/wp-content\/uploads\/2026\/02\/volunteers-teaming-up-organize-donations-charity-600x400.jpg 600w\" sizes=\"(max-width: 1024px) 100vw, 1024px\" \/>\t\t\t\t\t\t\t\t\t\t\t\t\t\t\t<\/div>\n\t\t\t\t<\/div>\n\t\t<div class=\"elementor-element elementor-element-d06639b e-con-full e-flex wpr-particle-no wpr-jarallax-no wpr-parallax-no wpr-sticky-section-no e-con e-child\" data-id=\"d06639b\" data-element_type=\"container\">\n\t\t\t\t<div class=\"elementor-element elementor-element-aa4a819 elementor-invisible elementor-widget elementor-widget-heading\" data-id=\"aa4a819\" data-element_type=\"widget\" data-settings=\"{&quot;_animation&quot;:&quot;fadeInUp&quot;}\" data-widget_type=\"heading.default\">\n\t\t\t\t\t<h2 class=\"elementor-heading-title elementor-size-default\">Notre vision <\/h2>\t\t\t\t<\/div>\n\t\t\t\t<div class=\"elementor-element elementor-element-5c76fa5 elementor-invisible elementor-widget elementor-widget-text-editor\" data-id=\"5c76fa5\" data-element_type=\"widget\" data-settings=\"{&quot;_animation&quot;:&quot;fadeInUp&quot;}\" data-widget_type=\"text-editor.default\">\n\t\t\t\t\t\t\t\t\t<p>Des Cadres des d\u00e9partements de Divo, Fresco, Grand-Lahou, Guitry, Lakota et Sassandra ont d\u00e9cid\u00e9 de s\u2019unir pour une croissance inclusive de leur r\u00e9gion visant la prise en main de son d\u00e9veloppement par ses filles et ses fils depuis le 29 ao\u00fbt 2020. Ce d\u00e9veloppement inclusif a pour principal objectif de permettre \u00e0 chaque Cadre de devenir un acteur de son espace d\u2019origine parentale ou de vie. Fort de ce principe, la participation des populations Avikam, Dida, Ega, Godi\u00e9, et Neyo devient un enjeu majeur pour l\u2019\u00e9laboration du projet de r\u00e9appropriation du d\u00e9veloppement du Grand Divo par ses Cadres<\/p>\t\t\t\t\t\t\t\t<\/div>\n\t\t\t\t<div class=\"elementor-element elementor-element-ac1dfa7 elementor-align-center elementor-invisible elementor-widget elementor-widget-button\" data-id=\"ac1dfa7\" data-element_type=\"widget\" data-settings=\"{&quot;_animation&quot;:&quot;fadeInUp&quot;}\" data-widget_type=\"button.default\">\n\t\t\t\t\t\t\t\t\t\t<a class=\"elementor-button elementor-size-sm\" role=\"button\">\n\t\t\t\t\t\t<span class=\"elementor-button-content-wrapper\">\n\t\t\t\t\t\t\t\t\t<span class=\"elementor-button-text\">Nous rejoindre<\/span>\n\t\t\t\t\t<\/span>\n\t\t\t\t\t<\/a>\n\t\t\t\t\t\t\t\t<\/div>\n\t\t\t\t<\/div>\n\t\t\t\t<\/div>\n\t\t\t\t<\/div>\n\t\t\t\t<\/div>\n\t\t","protected":false},"excerpt":{"rendered":"<p>Accueil Notre vision Des Cadres des d\u00e9partements de Divo, Fresco, Grand-Lahou, Guitry, Lakota et Sassandra ont d\u00e9cid\u00e9 de s\u2019unir pour une croissance inclusive de leur r\u00e9gion visant la prise en main de son d\u00e9veloppement par ses filles et ses fils depuis le 29 ao\u00fbt 2020. Ce d\u00e9veloppement inclusif a pour principal objectif de permettre \u00e0 chaque Cadre de devenir un acteur de son espace d\u2019origine parentale ou de vie. Fort de ce principe, la participation des populations Avikam, Dida, Ega, Godi\u00e9, et Neyo devient un enjeu majeur pour l\u2019\u00e9laboration du projet de r\u00e9appropriation du d\u00e9veloppement du Grand Divo par ses Cadres Nous rejoindre<\/p>\n","protected":false},"author":1,"featured_media":0,"parent":0,"menu_order":0,"comment_status":"closed","ping_status":"closed","template":"","meta":{"site-sidebar-layout":"no-sidebar","site-content-layout":"","ast-site-content-layout":"full-width-container","site-content-style":"default","site-sidebar-style":"default","ast-global-header-display":"","ast-banner-title-visibility":"","ast-main-header-display":"","ast-hfb-above-header-display":"","ast-hfb-below-header-display":"","ast-hfb-mobile-header-display":"","site-post-title":"","ast-breadcrumbs-content":"","ast-featured-img":"disabled","footer-sml-layout":"","ast-disable-related-posts":"","theme-transparent-header-meta":"","adv-header-id-meta":"","stick-header-meta":"","header-above-stick-meta":"","header-main-stick-meta":"","header-below-stick-meta":"","astra-migrate-meta-layouts":"default","ast-page-background-enabled":"default","ast-page-background-meta":{"desktop":{"background-color":"var(--ast-global-color-5)","background-image":"","background-repeat":"repeat","background-position":"center center","background-size":"auto","background-attachment":"scroll","background-type":"","background-media":"","overlay-type":"","overlay-color":"","overlay-opacity":"","overlay-gradient":""},"tablet":{"background-color":"","background-image":"","background-repeat":"repeat","background-position":"center center","background-size":"auto","background-attachment":"scroll","background-type":"","background-media":"","overlay-type":"","overlay-color":"","overlay-opacity":"","overlay-gradient":""},"mobile":{"background-color":"","background-image":"","background-repeat":"repeat","background-position":"center center","background-size":"auto","background-attachment":"scroll","background-type":"","background-media":"","overlay-type":"","overlay-color":"","overlay-opacity":"","overlay-gradient":""}},"ast-content-background-meta":{"desktop":{"background-color":"var(--ast-global-color-4)","background-image":"","background-repeat":"repeat","background-position":"center center","background-size":"auto","background-attachment":"scroll","background-type":"","background-media":"","overlay-type":"","overlay-color":"","overlay-opacity":"","overlay-gradient":""},"tablet":{"background-color":"var(--ast-global-color-4)","background-image":"","background-repeat":"repeat","background-position":"center center","background-size":"auto","background-attachment":"scroll","background-type":"","background-media":"","overlay-type":"","overlay-color":"","overlay-opacity":"","overlay-gradient":""},"mobile":{"background-color":"var(--ast-global-color-4)","background-image":"","background-repeat":"repeat","background-position":"center center","background-size":"auto","background-attachment":"scroll","background-type":"","background-media":"","overlay-type":"","overlay-color":"","overlay-opacity":"","overlay-gradient":""}},"footnotes":""},"class_list":["post-322","page","type-page","status-publish","hentry"],"_links":{"self":[{"href":"https:\/\/lab11.torniss-ci.com\/index.php?rest_route=\/wp\/v2\/pages\/322","targetHints":{"allow":["GET"]}}],"collection":[{"href":"https:\/\/lab11.torniss-ci.com\/index.php?rest_route=\/wp\/v2\/pages"}],"about":[{"href":"https:\/\/lab11.torniss-ci.com\/index.php?rest_route=\/wp\/v2\/types\/page"}],"author":[{"embeddable":true,"href":"https:\/\/lab11.torniss-ci.com\/index.php?rest_route=\/wp\/v2\/users\/1"}],"replies":[{"embeddable":true,"href":"https:\/\/lab11.torniss-ci.com\/index.php?rest_route=%2Fwp%2Fv2%2Fcomments&post=322"}],"version-history":[{"count":43,"href":"https:\/\/lab11.torniss-ci.com\/index.php?rest_route=\/wp\/v2\/pages\/322\/revisions"}],"predecessor-version":[{"id":607,"href":"https:\/\/lab11.torniss-ci.com\/index.php?rest_route=\/wp\/v2\/pages\/322\/revisions\/607"}],"wp:attachment":[{"href":"https:\/\/lab11.torniss-ci.com\/index.php?rest_route=%2Fwp%2Fv2%2Fmedia&parent=322"}],"curies":[{"name":"wp","href":"https:\/\/api.w.org\/{rel}","templated":true}]}}