{"id":324,"date":"2026-02-12T01:23:14","date_gmt":"2026-02-12T00:23:14","guid":{"rendered":"https:\/\/lab11.torniss-ci.com\/?page_id=324"},"modified":"2026-03-13T14:40:08","modified_gmt":"2026-03-13T13:40:08","slug":"mission","status":"publish","type":"page","link":"https:\/\/lab11.torniss-ci.com\/?page_id=324","title":{"rendered":"mission"},"content":{"rendered":"\t\t<div data-elementor-type=\"wp-page\" data-elementor-id=\"324\" class=\"elementor elementor-324\">\n\t\t\t\t<div class=\"elementor-element elementor-element-ee491b4 e-con-full e-flex wpr-particle-no wpr-jarallax-no wpr-parallax-no wpr-sticky-section-no e-con e-parent\" data-id=\"ee491b4\" data-element_type=\"container\" data-settings=\"{&quot;background_background&quot;:&quot;gradient&quot;}\">\n\t\t\t\t<div class=\"elementor-element elementor-element-43c463c elementor-widget elementor-widget-hfe-breadcrumbs-widget\" data-id=\"43c463c\" data-element_type=\"widget\" data-widget_type=\"hfe-breadcrumbs-widget.default\">\n\t\t\t\t<div class=\"elementor-widget-container\">\n\t\t\t\t\t<nav aria-label=\"Breadcrumb\"><ul class=\"hfe-breadcrumbs hfe-breadcrumbs-show-home\"><li class=\"hfe-breadcrumbs-item hfe-breadcrumbs-first\"><span class=\"hfe-breadcrumbs-home-icon\"><svg aria-hidden=\"true\" class=\"e-font-icon-svg e-fas-home\" viewBox=\"0 0 576 512\" xmlns=\"http:\/\/www.w3.org\/2000\/svg\"><path d=\"M280.37 148.26L96 300.11V464a16 16 0 0 0 16 16l112.06-.29a16 16 0 0 0 15.92-16V368a16 16 0 0 1 16-16h64a16 16 0 0 1 16 16v95.64a16 16 0 0 0 16 16.05L464 480a16 16 0 0 0 16-16V300L295.67 148.26a12.19 12.19 0 0 0-15.3 0zM571.6 251.47L488 182.56V44.05a12 12 0 0 0-12-12h-56a12 12 0 0 0-12 12v72.61L318.47 43a48 48 0 0 0-61 0L4.34 251.47a12 12 0 0 0-1.6 16.9l25.5 31A12 12 0 0 0 45.15 301l235.22-193.74a12.19 12.19 0 0 1 15.3 0L530.9 301a12 12 0 0 0 16.9-1.6l25.5-31a12 12 0 0 0-1.7-16.93z\"><\/path><\/svg><\/span><a href=\"https:\/\/lab11.torniss-ci.com\"><span class=\"hfe-breadcrumbs-text\">Accueil<\/span><\/a><\/li><\/ul><\/nav>\t\t\t\t<\/div>\n\t\t\t\t<\/div>\n\t\t\t\t<\/div>\n\t\t<div class=\"elementor-element elementor-element-7452cf9 e-con-full e-flex wpr-particle-no wpr-jarallax-no wpr-parallax-no wpr-sticky-section-no e-con e-parent\" data-id=\"7452cf9\" data-element_type=\"container\">\n\t\t<div class=\"elementor-element elementor-element-05eb370 e-con-full e-flex wpr-particle-no wpr-jarallax-no wpr-parallax-no wpr-sticky-section-no e-con e-child\" data-id=\"05eb370\" data-element_type=\"container\">\n\t\t<div class=\"elementor-element elementor-element-7ae0439 e-con-full e-flex wpr-particle-no wpr-jarallax-no wpr-parallax-no wpr-sticky-section-no e-con e-child\" data-id=\"7ae0439\" data-element_type=\"container\" data-settings=\"{&quot;background_background&quot;:&quot;gradient&quot;}\">\n\t\t<div class=\"elementor-element elementor-element-6cf0a5a e-con-full e-flex wpr-particle-no wpr-jarallax-no wpr-parallax-no wpr-sticky-section-no e-con e-child\" data-id=\"6cf0a5a\" data-element_type=\"container\">\n\t\t\t\t<div class=\"elementor-element elementor-element-4891041 elementor-invisible elementor-widget elementor-widget-image\" data-id=\"4891041\" data-element_type=\"widget\" data-settings=\"{&quot;_animation&quot;:&quot;fadeInUp&quot;}\" data-widget_type=\"image.default\">\n\t\t\t\t\t\t\t\t\t\t\t\t\t\t\t<img fetchpriority=\"high\" decoding=\"async\" width=\"1024\" height=\"683\" src=\"https:\/\/lab11.torniss-ci.com\/wp-content\/uploads\/2026\/02\/volunteers-teaming-up-organize-donations-charity-1024x683.jpg\" class=\"attachment-large size-large wp-image-403\" alt=\"\" srcset=\"https:\/\/lab11.torniss-ci.com\/wp-content\/uploads\/2026\/02\/volunteers-teaming-up-organize-donations-charity-1024x683.jpg 1024w, https:\/\/lab11.torniss-ci.com\/wp-content\/uploads\/2026\/02\/volunteers-teaming-up-organize-donations-charity-300x200.jpg 300w, https:\/\/lab11.torniss-ci.com\/wp-content\/uploads\/2026\/02\/volunteers-teaming-up-organize-donations-charity-768x512.jpg 768w, https:\/\/lab11.torniss-ci.com\/wp-content\/uploads\/2026\/02\/volunteers-teaming-up-organize-donations-charity-1536x1024.jpg 1536w, https:\/\/lab11.torniss-ci.com\/wp-content\/uploads\/2026\/02\/volunteers-teaming-up-organize-donations-charity-2048x1365.jpg 2048w, https:\/\/lab11.torniss-ci.com\/wp-content\/uploads\/2026\/02\/volunteers-teaming-up-organize-donations-charity-600x400.jpg 600w\" sizes=\"(max-width: 1024px) 100vw, 1024px\" \/>\t\t\t\t\t\t\t\t\t\t\t\t\t\t\t<\/div>\n\t\t\t\t<\/div>\n\t\t<div class=\"elementor-element elementor-element-3d4be6e e-con-full e-flex wpr-particle-no wpr-jarallax-no wpr-parallax-no wpr-sticky-section-no e-con e-child\" data-id=\"3d4be6e\" data-element_type=\"container\">\n\t\t\t\t<div class=\"elementor-element elementor-element-8b08b41 elementor-invisible elementor-widget elementor-widget-text-editor\" data-id=\"8b08b41\" data-element_type=\"widget\" data-settings=\"{&quot;_animation&quot;:&quot;fadeInUp&quot;}\" data-widget_type=\"text-editor.default\">\n\t\t\t\t\t\t\t\t\t<p><strong data-start=\"117\" data-end=\"137\">Au plan national<\/strong>, l\u2019organisation a pour mission d\u2019\u00eatre un centre o\u00f9 s\u2019harmonisent les r\u00e9flexions et les efforts des cadres en vue du d\u00e9veloppement social, \u00e9conomique et intellectuel du peuple Avikam \u2013 Dida \u2013 Ega \u2013 Godi\u00e9 \u2013 Neyo. Elle constitue, avec les garants des us et coutumes, un cadre de r\u00e9flexion pour le r\u00e8glement des diff\u00e9rends et litiges pouvant survenir dans le Grand Divo, et se positionne comme l\u2019interlocuteur privil\u00e9gi\u00e9 des cadres aupr\u00e8s des autorit\u00e9s administratives, politiques et coutumi\u00e8res. Elle \u0153uvre \u00e0 la promotion des cadres Avikam, Dida, Ega, Godi\u00e9 et Neyo au sein de l\u2019administration publique et priv\u00e9e, oriente, coordonne et contr\u00f4le les activit\u00e9s des groupements d\u2019int\u00e9r\u00eat pour le d\u00e9veloppement local dans le respect de leur autonomie et des lois en vigueur, promeut la justice sociale par la solidarit\u00e9 ainsi que la s\u00e9curit\u00e9 des terres appartenant originellement au peuple Avikam \u2013 Dida \u2013 Ega \u2013 Godi\u00e9 \u2013 Neyo, veille \u00e0 la restitution de son histoire et \u00e0 la promotion de ses valeurs culturelles, et assure enfin la d\u00e9fense des int\u00e9r\u00eats du peuple Avikam \u2013 Dida \u2013 Ega \u2013 Godi\u00e9 \u2013 Neyo.<\/p>\t\t\t\t\t\t\t\t<\/div>\n\t\t\t\t<\/div>\n\t\t\t\t<\/div>\n\t\t\t\t<\/div>\n\t\t\t\t<\/div>\n\t\t<div class=\"elementor-element elementor-element-44a294c e-con-full e-flex wpr-particle-no wpr-jarallax-no wpr-parallax-no wpr-sticky-section-no e-con e-parent\" data-id=\"44a294c\" data-element_type=\"container\">\n\t\t<div class=\"elementor-element elementor-element-467bba7 e-con-full e-flex wpr-particle-no wpr-jarallax-no wpr-parallax-no wpr-sticky-section-no e-con e-child\" data-id=\"467bba7\" data-element_type=\"container\">\n\t\t<div class=\"elementor-element elementor-element-7416682 e-con-full e-flex wpr-particle-no wpr-jarallax-no wpr-parallax-no wpr-sticky-section-no e-con e-child\" data-id=\"7416682\" data-element_type=\"container\" data-settings=\"{&quot;background_background&quot;:&quot;gradient&quot;}\">\n\t\t<div class=\"elementor-element elementor-element-8ef7c2b e-con-full e-flex wpr-particle-no wpr-jarallax-no wpr-parallax-no wpr-sticky-section-no e-con e-child\" data-id=\"8ef7c2b\" data-element_type=\"container\">\n\t\t\t\t<div class=\"elementor-element elementor-element-a2f6a90 elementor-invisible elementor-widget elementor-widget-image\" data-id=\"a2f6a90\" data-element_type=\"widget\" data-settings=\"{&quot;_animation&quot;:&quot;fadeInUp&quot;}\" data-widget_type=\"image.default\">\n\t\t\t\t\t\t\t\t\t\t\t\t\t\t\t<img fetchpriority=\"high\" decoding=\"async\" width=\"1024\" height=\"683\" src=\"https:\/\/lab11.torniss-ci.com\/wp-content\/uploads\/2026\/02\/volunteers-teaming-up-organize-donations-charity-1024x683.jpg\" class=\"attachment-large size-large wp-image-403\" alt=\"\" srcset=\"https:\/\/lab11.torniss-ci.com\/wp-content\/uploads\/2026\/02\/volunteers-teaming-up-organize-donations-charity-1024x683.jpg 1024w, https:\/\/lab11.torniss-ci.com\/wp-content\/uploads\/2026\/02\/volunteers-teaming-up-organize-donations-charity-300x200.jpg 300w, https:\/\/lab11.torniss-ci.com\/wp-content\/uploads\/2026\/02\/volunteers-teaming-up-organize-donations-charity-768x512.jpg 768w, https:\/\/lab11.torniss-ci.com\/wp-content\/uploads\/2026\/02\/volunteers-teaming-up-organize-donations-charity-1536x1024.jpg 1536w, https:\/\/lab11.torniss-ci.com\/wp-content\/uploads\/2026\/02\/volunteers-teaming-up-organize-donations-charity-2048x1365.jpg 2048w, https:\/\/lab11.torniss-ci.com\/wp-content\/uploads\/2026\/02\/volunteers-teaming-up-organize-donations-charity-600x400.jpg 600w\" sizes=\"(max-width: 1024px) 100vw, 1024px\" \/>\t\t\t\t\t\t\t\t\t\t\t\t\t\t\t<\/div>\n\t\t\t\t<\/div>\n\t\t<div class=\"elementor-element elementor-element-bed7473 e-con-full e-flex wpr-particle-no wpr-jarallax-no wpr-parallax-no wpr-sticky-section-no e-con e-child\" data-id=\"bed7473\" data-element_type=\"container\">\n\t\t\t\t<div class=\"elementor-element elementor-element-d700e59 elementor-invisible elementor-widget elementor-widget-text-editor\" data-id=\"d700e59\" data-element_type=\"widget\" data-settings=\"{&quot;_animation&quot;:&quot;fadeInUp&quot;}\" data-widget_type=\"text-editor.default\">\n\t\t\t\t\t\t\t\t\t<p><strong data-start=\"1230\" data-end=\"1255\">Au plan international<\/strong>, l\u2019organisation repr\u00e9sente les cadres du Grand Divo aupr\u00e8s des organisations mondiales, continentales et r\u00e9gionales intervenant dans le domaine du d\u00e9veloppement local, entretient et g\u00e8re les relations de coop\u00e9ration n\u00e9cessaires au d\u00e9veloppement \u00e9conomique, social et culturel, et assure la d\u00e9fense des int\u00e9r\u00eats du peuple Avikam \u2013 Dida \u2013 Ega \u2013 Godi\u00e9 \u2013 Neyo aupr\u00e8s des institutions et partenaires internationaux.<\/p>\t\t\t\t\t\t\t\t<\/div>\n\t\t\t\t<div class=\"elementor-element elementor-element-d495b17 elementor-align-center elementor-invisible elementor-widget elementor-widget-button\" data-id=\"d495b17\" data-element_type=\"widget\" data-settings=\"{&quot;_animation&quot;:&quot;fadeInUp&quot;}\" data-widget_type=\"button.default\">\n\t\t\t\t\t\t\t\t\t\t<a class=\"elementor-button elementor-size-sm\" role=\"button\">\n\t\t\t\t\t\t<span class=\"elementor-button-content-wrapper\">\n\t\t\t\t\t\t\t\t\t<span class=\"elementor-button-text\">Nous rejoindre<\/span>\n\t\t\t\t\t<\/span>\n\t\t\t\t\t<\/a>\n\t\t\t\t\t\t\t\t<\/div>\n\t\t\t\t<\/div>\n\t\t\t\t<\/div>\n\t\t\t\t<\/div>\n\t\t\t\t<\/div>\n\t\t\t\t<\/div>\n\t\t","protected":false},"excerpt":{"rendered":"<p>Accueil Au plan national, l\u2019organisation a pour mission d\u2019\u00eatre un centre o\u00f9 s\u2019harmonisent les r\u00e9flexions et les efforts des cadres en vue du d\u00e9veloppement social, \u00e9conomique et intellectuel du peuple Avikam \u2013 Dida \u2013 Ega \u2013 Godi\u00e9 \u2013 Neyo. Elle constitue, avec les garants des us et coutumes, un cadre de r\u00e9flexion pour le r\u00e8glement des diff\u00e9rends et litiges pouvant survenir dans le Grand Divo, et se positionne comme l\u2019interlocuteur privil\u00e9gi\u00e9 des cadres aupr\u00e8s des autorit\u00e9s administratives, politiques et coutumi\u00e8res. Elle \u0153uvre \u00e0 la promotion des cadres Avikam, Dida, Ega, Godi\u00e9 et Neyo au sein de l\u2019administration publique et priv\u00e9e, oriente, coordonne et contr\u00f4le les activit\u00e9s des groupements d\u2019int\u00e9r\u00eat pour le d\u00e9veloppement local dans le respect de leur autonomie et des lois en vigueur, promeut la justice sociale par la solidarit\u00e9 ainsi que la s\u00e9curit\u00e9 des terres appartenant originellement au peuple Avikam \u2013 Dida \u2013 Ega \u2013 Godi\u00e9 \u2013 Neyo, veille \u00e0 la restitution de son histoire et \u00e0 la promotion de ses valeurs culturelles, et assure enfin la d\u00e9fense des int\u00e9r\u00eats du peuple Avikam \u2013 Dida \u2013 Ega \u2013 Godi\u00e9 \u2013 Neyo. Au plan international, l\u2019organisation repr\u00e9sente les cadres du Grand Divo aupr\u00e8s des organisations mondiales, continentales et r\u00e9gionales intervenant dans le domaine du d\u00e9veloppement local, entretient et g\u00e8re les relations de coop\u00e9ration n\u00e9cessaires au d\u00e9veloppement \u00e9conomique, social et culturel, et assure la d\u00e9fense des int\u00e9r\u00eats du peuple Avikam \u2013 Dida \u2013 Ega \u2013 Godi\u00e9 \u2013 Neyo aupr\u00e8s des institutions et partenaires internationaux. Nous rejoindre<\/p>\n","protected":false},"author":1,"featured_media":0,"parent":0,"menu_order":0,"comment_status":"closed","ping_status":"closed","template":"","meta":{"site-sidebar-layout":"no-sidebar","site-content-layout":"","ast-site-content-layout":"full-width-container","site-content-style":"default","site-sidebar-style":"default","ast-global-header-display":"","ast-banner-title-visibility":"","ast-main-header-display":"","ast-hfb-above-header-display":"","ast-hfb-below-header-display":"","ast-hfb-mobile-header-display":"","site-post-title":"","ast-breadcrumbs-content":"","ast-featured-img":"disabled","footer-sml-layout":"","ast-disable-related-posts":"","theme-transparent-header-meta":"","adv-header-id-meta":"","stick-header-meta":"","header-above-stick-meta":"","header-main-stick-meta":"","header-below-stick-meta":"","astra-migrate-meta-layouts":"default","ast-page-background-enabled":"default","ast-page-background-meta":{"desktop":{"background-color":"var(--ast-global-color-5)","background-image":"","background-repeat":"repeat","background-position":"center center","background-size":"auto","background-attachment":"scroll","background-type":"","background-media":"","overlay-type":"","overlay-color":"","overlay-opacity":"","overlay-gradient":""},"tablet":{"background-color":"","background-image":"","background-repeat":"repeat","background-position":"center center","background-size":"auto","background-attachment":"scroll","background-type":"","background-media":"","overlay-type":"","overlay-color":"","overlay-opacity":"","overlay-gradient":""},"mobile":{"background-color":"","background-image":"","background-repeat":"repeat","background-position":"center center","background-size":"auto","background-attachment":"scroll","background-type":"","background-media":"","overlay-type":"","overlay-color":"","overlay-opacity":"","overlay-gradient":""}},"ast-content-background-meta":{"desktop":{"background-color":"var(--ast-global-color-4)","background-image":"","background-repeat":"repeat","background-position":"center center","background-size":"auto","background-attachment":"scroll","background-type":"","background-media":"","overlay-type":"","overlay-color":"","overlay-opacity":"","overlay-gradient":""},"tablet":{"background-color":"var(--ast-global-color-4)","background-image":"","background-repeat":"repeat","background-position":"center center","background-size":"auto","background-attachment":"scroll","background-type":"","background-media":"","overlay-type":"","overlay-color":"","overlay-opacity":"","overlay-gradient":""},"mobile":{"background-color":"var(--ast-global-color-4)","background-image":"","background-repeat":"repeat","background-position":"center center","background-size":"auto","background-attachment":"scroll","background-type":"","background-media":"","overlay-type":"","overlay-color":"","overlay-opacity":"","overlay-gradient":""}},"footnotes":""},"class_list":["post-324","page","type-page","status-publish","hentry"],"_links":{"self":[{"href":"https:\/\/lab11.torniss-ci.com\/index.php?rest_route=\/wp\/v2\/pages\/324","targetHints":{"allow":["GET"]}}],"collection":[{"href":"https:\/\/lab11.torniss-ci.com\/index.php?rest_route=\/wp\/v2\/pages"}],"about":[{"href":"https:\/\/lab11.torniss-ci.com\/index.php?rest_route=\/wp\/v2\/types\/page"}],"author":[{"embeddable":true,"href":"https:\/\/lab11.torniss-ci.com\/index.php?rest_route=\/wp\/v2\/users\/1"}],"replies":[{"embeddable":true,"href":"https:\/\/lab11.torniss-ci.com\/index.php?rest_route=%2Fwp%2Fv2%2Fcomments&post=324"}],"version-history":[{"count":16,"href":"https:\/\/lab11.torniss-ci.com\/index.php?rest_route=\/wp\/v2\/pages\/324\/revisions"}],"predecessor-version":[{"id":623,"href":"https:\/\/lab11.torniss-ci.com\/index.php?rest_route=\/wp\/v2\/pages\/324\/revisions\/623"}],"wp:attachment":[{"href":"https:\/\/lab11.torniss-ci.com\/index.php?rest_route=%2Fwp%2Fv2%2Fmedia&parent=324"}],"curies":[{"name":"wp","href":"https:\/\/api.w.org\/{rel}","templated":true}]}}